{"id":22464,"date":"2024-03-12T17:48:56","date_gmt":"2024-03-12T23:48:56","guid":{"rendered":"https:\/\/agito.store\/producto\/speedcontrol-dial\/"},"modified":"2025-07-01T09:00:57","modified_gmt":"2025-07-01T14:00:57","slug":"speedcontrol-dial","status":"publish","type":"product","link":"https:\/\/agito.store\/es\/product\/speedcontrol-dial\/","title":{"rendered":"Speedcontrol Dial"},"content":{"rendered":"<p>Control Intuitivo a Tu Alcance<br \/>\nCon el ROHO SpeedControl Dial, tomar el control total de tu silla de ruedas es tan simple como girar un dial. Dise\u00f1ado para ofrecerte libertad y autonom\u00eda, este dispositivo cambia las reglas del juego en movilidad asistida.<\/p>\n<p>Instalaci\u00f3n Sin Esfuerzo<br \/>\n\u00bfCansado de sistemas complicados? Nosotros tambi\u00e9n. Por eso, el SpeedControl Dial se monta en minutos sin herramientas complicadas, directamente en el marco de tu silla. Y lo mejor, \u00a1no m\u00e1s preocupaciones por cargar varios dispositivos!<\/p>\n<p>Potencia al Servicio de la Simplicidad<br \/>\nAlimentado por la misma unidad SmartDrive, este dial no solo es robusto gracias a su cable reforzado, sino tambi\u00e9n incre\u00edblemente f\u00e1cil de usar. La movilidad inteligente nunca fue tan sencilla.<\/p>\n<p>Especificaciones del Producto<br \/>\n&#8211; Tipo de Control: Dial intuitivo para ajuste de velocidad<br \/>\n&#8211; Instalaci\u00f3n: Menos de 5 minutos, montaje directo o con extensi\u00f3n opcional<br \/>\n&#8211; Alimentaci\u00f3n: Directa desde la unidad SmartDrive, cable reforzado para una conexi\u00f3n confiable<\/p>\n<p>En Agito, somos expertos en asesorarte para encontrar los productos perfectos para ti y personalizarlos con todas las opciones disponibles. Con el ROHO SpeedControl Dial, tu movilidad est\u00e1 en tus manos, adaptada exactamente a tus necesidades. Descubre c\u00f3mo podemos ayudarte a vivir sin l\u00edmites.<\/p>\n<p>Esta descripci\u00f3n se enfoca en las caracter\u00edsticas y beneficios del ROHO SpeedControl Dial, destacando su facilidad de uso, instalaci\u00f3n sencilla y c\u00f3mo mejora la experiencia de movilidad para los usuarios, todo en un tono amigable y entusiasta.<\/p>\n<ul>\n<li><strong>Material:<\/strong><\/li>\n<li><strong>Marca: <\/strong>Max Mobility<\/li>\n<li><strong>Peso desde: <\/strong> lbs<\/li>\n<li><strong>Capacidad de carga: <\/strong> lbs<\/li>\n<li><strong>Ancho de asiento: <\/strong><\/li>\n<li><strong>Largo de asiento: <\/strong><\/li>\n<\/ul>\n","protected":false},"excerpt":{"rendered":"<p>\u00a1Revoluciona tu forma de moverte con el ROHO SpeedControl Dial! Este innovador sistema te permite controlar tu silla de ruedas como nunca antes: gira el dial para ajustar tu velocidad al instante. F\u00e1cil de instalar y sin la necesidad de cargar varios dispositivos, este controlador se integra perfectamente a tu vida, ofreciendo libertad y precisi\u00f3n en cada movimiento. Vive la movilidad al m\u00e1ximo con tecnolog\u00eda que entiende tus necesidades.<\/p>\n","protected":false},"featured_media":22288,"comment_status":"closed","ping_status":"closed","template":"","meta":{"_kad_blocks_custom_css":"","_kad_blocks_head_custom_js":"","_kad_blocks_body_custom_js":"","_kad_blocks_footer_custom_js":"","_kad_post_transparent":"","_kad_post_title":"","_kad_post_layout":"","_kad_post_sidebar_id":"","_kad_post_content_style":"","_kad_post_vertical_padding":"","_kad_post_feature":"","_kad_post_feature_position":"","_kad_post_header":false,"_kad_post_footer":false,"_joinchat":[]},"product_brand":[],"product_cat":[249,248,247],"product_tag":[],"class_list":{"0":"post-22464","1":"product","2":"type-product","3":"status-publish","4":"has-post-thumbnail","6":"product_cat-accesorios-es","7":"product_cat-asistencia-motorizada-es","8":"product_cat-terapia-y-ayudas-tecnicas-es","9":"pa_caracteristicas-de-producto-asistencia-motorizada-es","10":"pa_marca-max-mobility-es","11":"pa_tipo-de-producto-terapia-y-ayudas-tecnicas-es","13":"first","14":"instock","15":"purchasable","16":"product-type-simple","17":"entry","18":"content-bg","19":"loop-entry"},"taxonomy_info":{"product_cat":[{"value":249,"label":"Accesorios"},{"value":248,"label":"Asistencia motorizada"},{"value":247,"label":"Terapia y ayudas t\u00e9cnicas"}],"pa_caracteristicas-de-producto":[{"value":244,"label":"Asistencia motorizada"}],"pa_marca":[{"value":245,"label":"Max Mobility"}],"pa_tipo-de-producto":[{"value":246,"label":"Terapia y ayudas t\u00e9cnicas"}]},"featured_image_src_large":["https:\/\/agito.store\/wp-content\/uploads\/2024\/03\/Speedcontrol-Dial-max-mobility-silla-ruedas-terapia-y-ayudas-tecnicas-asistencia-motorizada-accesorios-agito-002-676x800.webp",676,800,true],"author_info":[],"comment_info":0,"_links":{"self":[{"href":"https:\/\/agito.store\/es\/wp-json\/wp\/v2\/product\/22464","targetHints":{"allow":["GET"]}}],"collection":[{"href":"https:\/\/agito.store\/es\/wp-json\/wp\/v2\/product"}],"about":[{"href":"https:\/\/agito.store\/es\/wp-json\/wp\/v2\/types\/product"}],"replies":[{"embeddable":true,"href":"https:\/\/agito.store\/es\/wp-json\/wp\/v2\/comments?post=22464"}],"wp:featuredmedia":[{"embeddable":true,"href":"https:\/\/agito.store\/es\/wp-json\/wp\/v2\/media\/22288"}],"wp:attachment":[{"href":"https:\/\/agito.store\/es\/wp-json\/wp\/v2\/media?parent=22464"}],"wp:term":[{"taxonomy":"product_brand","embeddable":true,"href":"https:\/\/agito.store\/es\/wp-json\/wp\/v2\/product_brand?post=22464"},{"taxonomy":"product_cat","embeddable":true,"href":"https:\/\/agito.store\/es\/wp-json\/wp\/v2\/product_cat?post=22464"},{"taxonomy":"product_tag","embeddable":true,"href":"https:\/\/agito.store\/es\/wp-json\/wp\/v2\/product_tag?post=22464"}],"curies":[{"name":"wp","href":"https:\/\/api.w.org\/{rel}","templated":true}]}}