{"id":22531,"date":"2024-03-12T17:48:44","date_gmt":"2024-03-12T23:48:44","guid":{"rendered":"https:\/\/agito.store\/producto\/roho-dual-compartment-cushion\/"},"modified":"2024-03-12T17:48:44","modified_gmt":"2024-03-12T23:48:44","slug":"roho-dual-compartment-cushion","status":"publish","type":"product","link":"https:\/\/agito.store\/es\/product\/roho-dual-compartment-cushion\/","title":{"rendered":"Roho\u00ae Dual Compartment Cushion"},"content":{"rendered":"<p>Comodidad y Protecci\u00f3n a Otro Nivel<br \/>\n\u00bfBuscas algo que realmente cuide de ti? El coj\u00edn ROHO\u00ae Dual Compartment es tu aliado perfecto. Dise\u00f1ado para ofrecer el m\u00e1ximo cuidado a tu piel, este coj\u00edn se ajusta a ti como un abrazo. Con sus dos compartimentos, personaliza tu soporte ya sea de lado a lado o de frente hacia atr\u00e1s. \u00a1Si\u00e9ntete en las nubes y olv\u00eddate de las preocupaciones!<\/p>\n<p>Ligero y F\u00e1cil de Manejar<br \/>\n\u00bfCansado de cojines pesados y dif\u00edciles de llevar? Este coj\u00edn es tan ligero que querr\u00e1s llevarlo a todas partes. Ajustable a tu forma y peso, se adapta a los cambios, asegurando tu comodidad en todo momento. Adem\u00e1s, limpiarlo es un juego de ni\u00f1os. \u00bfQu\u00e9 m\u00e1s podr\u00edas pedir?<\/p>\n<p>Caracter\u00edsticas \u00danicas<br \/>\n&#8211; Ajustable: Se adapta perfectamente a tu forma y cambios de peso.<br \/>\n&#8211; Ligero: Con un peso de transporte desde 3.25 lbs (1.5 kg), es tu compa\u00f1ero ideal.<br \/>\n&#8211; Lavable: F\u00e1cil limpieza con agua y jab\u00f3n, cubierta lavable a m\u00e1quina.<\/p>\n<p>En Agito, somos expertos en asesorarte para encontrar el producto perfecto para ti, personaliz\u00e1ndolo con todas las opciones disponibles. \u00a1Descubre c\u00f3mo este coj\u00edn puede cambiar tu vida!<\/p>\n<ul>\n<li><strong>Material:<\/strong><\/li>\n<li><strong>Marca: <\/strong>ROHO<\/li>\n<li><strong>Peso desde: <\/strong> lbs<\/li>\n<li><strong>Capacidad de carga: <\/strong>\u00a0lbs<\/li>\n<li><strong>Ancho de asiento: <\/strong><\/li>\n<li><strong>Largo de asiento: <\/strong><\/li>\n<\/ul>\n","protected":false},"excerpt":{"rendered":"<p>\u00a1Conoce el coj\u00edn ROHO\u00ae Dual Compartment! Ligero, ajustable y dise\u00f1ado para tu comodidad, este coj\u00edn es el amigo perfecto para cuidar de tu piel. Con su doble compartimento, adapta la estabilidad a tu gusto, \u00a1y manten tu piel feliz! F\u00e1cil de limpiar y super port\u00e1til, \u00a1lleva tu comodidad a todas partes!<\/p>\n","protected":false},"featured_media":22163,"comment_status":"closed","ping_status":"closed","template":"","meta":{"_kad_blocks_custom_css":"","_kad_blocks_head_custom_js":"","_kad_blocks_body_custom_js":"","_kad_blocks_footer_custom_js":"","_kad_post_transparent":"","_kad_post_title":"","_kad_post_layout":"","_kad_post_sidebar_id":"","_kad_post_content_style":"","_kad_post_vertical_padding":"","_kad_post_feature":"","_kad_post_feature_position":"","_kad_post_header":false,"_kad_post_footer":false,"_joinchat":[]},"product_brand":[],"product_cat":[255,254],"product_tag":[],"class_list":{"0":"post-22531","1":"product","2":"type-product","3":"status-publish","4":"has-post-thumbnail","6":"product_cat-cojines-es","7":"product_cat-posicionamiento-es","8":"pa_caracteristicas-de-producto-cojines-es","9":"pa_marca-roho-es","10":"pa_tipo-de-producto-posicionamiento-es","12":"first","13":"instock","14":"purchasable","15":"product-type-simple","16":"entry","17":"content-bg","18":"loop-entry"},"taxonomy_info":{"product_cat":[{"value":255,"label":"Cojines"},{"value":254,"label":"Posicionamiento"}],"pa_caracteristicas-de-producto":[{"value":251,"label":"Cojines"}],"pa_marca":[{"value":252,"label":"ROHO"}],"pa_tipo-de-producto":[{"value":253,"label":"Posicionamiento"}]},"featured_image_src_large":["https:\/\/agito.store\/wp-content\/uploads\/2024\/03\/Roho\u00ae-Dual-Compartment-Cushion-ROHO-silla-ruedas-posicionamiento-cojines-agito-001.webp",510,510,false],"author_info":[],"comment_info":0,"_links":{"self":[{"href":"https:\/\/agito.store\/es\/wp-json\/wp\/v2\/product\/22531","targetHints":{"allow":["GET"]}}],"collection":[{"href":"https:\/\/agito.store\/es\/wp-json\/wp\/v2\/product"}],"about":[{"href":"https:\/\/agito.store\/es\/wp-json\/wp\/v2\/types\/product"}],"replies":[{"embeddable":true,"href":"https:\/\/agito.store\/es\/wp-json\/wp\/v2\/comments?post=22531"}],"wp:featuredmedia":[{"embeddable":true,"href":"https:\/\/agito.store\/es\/wp-json\/wp\/v2\/media\/22163"}],"wp:attachment":[{"href":"https:\/\/agito.store\/es\/wp-json\/wp\/v2\/media?parent=22531"}],"wp:term":[{"taxonomy":"product_brand","embeddable":true,"href":"https:\/\/agito.store\/es\/wp-json\/wp\/v2\/product_brand?post=22531"},{"taxonomy":"product_cat","embeddable":true,"href":"https:\/\/agito.store\/es\/wp-json\/wp\/v2\/product_cat?post=22531"},{"taxonomy":"product_tag","embeddable":true,"href":"https:\/\/agito.store\/es\/wp-json\/wp\/v2\/product_tag?post=22531"}],"curies":[{"name":"wp","href":"https:\/\/api.w.org\/{rel}","templated":true}]}}