{"id":22539,"date":"2024-03-12T17:48:44","date_gmt":"2024-03-12T23:48:44","guid":{"rendered":"https:\/\/agito.store\/producto\/roho-pack-it-cushion\/"},"modified":"2024-03-12T17:48:44","modified_gmt":"2024-03-12T23:48:44","slug":"roho-pack-it-cushion","status":"publish","type":"product","link":"https:\/\/agito.store\/es\/product\/roho-pack-it-cushion\/","title":{"rendered":"Roho\u00ae Pack-It\u00ae Cushion"},"content":{"rendered":"<p>Innovaci\u00f3n y Comodidad en Movimiento<br \/>\n\u00bfNecesitas un compa\u00f1ero que te apoye en todas tus actividades? El coj\u00edn ROHO\u00ae Pack-It\u00ae es tu aliado perfecto. Dise\u00f1ado para atender tus necesidades temporales, este coj\u00edn te acompa\u00f1a en competencias atl\u00e9ticas, durante el ba\u00f1o, en tus viajes y te proporciona ese soporte lumbar o postural que tanto buscas.<\/p>\n<p>Tecnolog\u00eda Avanzada para Tu Piel<br \/>\nCon m\u00e1s de 50 a\u00f1os liderando la innovaci\u00f3n, ROHO se dedica a la protecci\u00f3n de tu piel y tejidos blandos. Gracias a su tecnolog\u00eda de celdas de aire, este coj\u00edn es un pionero en la prevenci\u00f3n y curaci\u00f3n de lesiones por presi\u00f3n.<\/p>\n<p>Especificaciones del Producto<br \/>\n&#8211; Uso recomendado: competiciones atl\u00e9ticas, ba\u00f1o, viaje, soporte lumbar o postural.<br \/>\n&#8211; Tecnolog\u00eda: Celdas de aire para protecci\u00f3n de la piel y tejidos blandos.<br \/>\n&#8211; Validaci\u00f3n: M\u00e1s de 90 estudios cient\u00edficos y cl\u00ednicos respaldan su eficacia.<\/p>\n<p>En Agito, somos expertos en asesorarte para encontrar el producto perfecto que se adapte a ti, personaliz\u00e1ndolo con todas las opciones disponibles.<\/p>\n<ul>\n<li><strong>Material:<\/strong><\/li>\n<li><strong>Marca: <\/strong>ROHO<\/li>\n<li><strong>Peso desde: <\/strong> lbs<\/li>\n<li><strong>Capacidad de carga: <\/strong>\u00a0lbs<\/li>\n<li><strong>Ancho de asiento: <\/strong><\/li>\n<li><strong>Largo de asiento: <\/strong><\/li>\n<\/ul>\n","protected":false},"excerpt":{"rendered":"<p>Descubre el confort y la protecci\u00f3n con el coj\u00edn ROHO\u00ae Pack-It\u00ae. Perfecto para tus aventuras diarias, desde competencias hasta viajes, este coj\u00edn te brinda soporte lumbar y postural. Con tecnolog\u00eda de celdas de aire para prevenir lesiones de piel, es tu compa\u00f1ero ideal para mantener activo tu estilo de vida sin comprometer tu bienestar.<\/p>\n","protected":false},"featured_media":22202,"comment_status":"closed","ping_status":"closed","template":"","meta":{"_kad_blocks_custom_css":"","_kad_blocks_head_custom_js":"","_kad_blocks_body_custom_js":"","_kad_blocks_footer_custom_js":"","_kad_post_transparent":"","_kad_post_title":"","_kad_post_layout":"","_kad_post_sidebar_id":"","_kad_post_content_style":"","_kad_post_vertical_padding":"","_kad_post_feature":"","_kad_post_feature_position":"","_kad_post_header":false,"_kad_post_footer":false,"_joinchat":[]},"product_brand":[],"product_cat":[255,254],"product_tag":[],"class_list":{"0":"post-22539","1":"product","2":"type-product","3":"status-publish","4":"has-post-thumbnail","6":"product_cat-cojines-es","7":"product_cat-posicionamiento-es","8":"pa_caracteristicas-de-producto-cojines-es","9":"pa_marca-roho-es","10":"pa_tipo-de-producto-posicionamiento-es","12":"first","13":"instock","14":"purchasable","15":"product-type-simple","16":"entry","17":"content-bg","18":"loop-entry"},"taxonomy_info":{"product_cat":[{"value":255,"label":"Cojines"},{"value":254,"label":"Posicionamiento"}],"pa_caracteristicas-de-producto":[{"value":251,"label":"Cojines"}],"pa_marca":[{"value":252,"label":"ROHO"}],"pa_tipo-de-producto":[{"value":253,"label":"Posicionamiento"}]},"featured_image_src_large":["https:\/\/agito.store\/wp-content\/uploads\/2024\/03\/Roho\u00ae-Pack-It\u00ae-Cushion-ROHO-silla-ruedas-posicionamiento-cojines-agito-001.webp",510,510,false],"author_info":[],"comment_info":0,"_links":{"self":[{"href":"https:\/\/agito.store\/es\/wp-json\/wp\/v2\/product\/22539","targetHints":{"allow":["GET"]}}],"collection":[{"href":"https:\/\/agito.store\/es\/wp-json\/wp\/v2\/product"}],"about":[{"href":"https:\/\/agito.store\/es\/wp-json\/wp\/v2\/types\/product"}],"replies":[{"embeddable":true,"href":"https:\/\/agito.store\/es\/wp-json\/wp\/v2\/comments?post=22539"}],"wp:featuredmedia":[{"embeddable":true,"href":"https:\/\/agito.store\/es\/wp-json\/wp\/v2\/media\/22202"}],"wp:attachment":[{"href":"https:\/\/agito.store\/es\/wp-json\/wp\/v2\/media?parent=22539"}],"wp:term":[{"taxonomy":"product_brand","embeddable":true,"href":"https:\/\/agito.store\/es\/wp-json\/wp\/v2\/product_brand?post=22539"},{"taxonomy":"product_cat","embeddable":true,"href":"https:\/\/agito.store\/es\/wp-json\/wp\/v2\/product_cat?post=22539"},{"taxonomy":"product_tag","embeddable":true,"href":"https:\/\/agito.store\/es\/wp-json\/wp\/v2\/product_tag?post=22539"}],"curies":[{"name":"wp","href":"https:\/\/api.w.org\/{rel}","templated":true}]}}