{"id":22715,"date":"2024-03-12T17:48:10","date_gmt":"2024-03-12T23:48:10","guid":{"rendered":"https:\/\/agito.store\/producto\/respaldo-go\/"},"modified":"2024-03-12T17:48:10","modified_gmt":"2024-03-12T23:48:10","slug":"respaldo-go","status":"publish","type":"product","link":"https:\/\/agito.store\/es\/product\/respaldo-go\/","title":{"rendered":"Respaldo GO"},"content":{"rendered":"<p>Confort a medida<br \/>\nEl Jay Respaldo GO redefine la comodidad con su inserto de espuma extra suave de 1 1\/4&#8243;, dise\u00f1ado para sumergirte en una experiencia de confort sin igual. Perfecto para aquellos que valoran la personalizaci\u00f3n y el bienestar en cada viaje. <\/p>\n<p> Ajuste y soporte superior<br \/>\nGracias a sus correas anchas y ajustables en tensi\u00f3n, el Jay Respaldo GO se moldea a la forma de tu cuerpo, ofreciendo un soporte inigualable y evitando posturas asim\u00e9tricas. Estas correas, colocadas estrat\u00e9gicamente, mejoran la comodidad y la adaptabilidad a tu figura. <\/p>\n<p> Dise\u00f1o y durabilidad<br \/>\nCon una cubierta exterior de Lycra\u00ae de cuatro v\u00edas revestida con Dartex\u00ae, este respaldo no solo disminuye la tensi\u00f3n superficial para un mayor disfrute de su suavidad, sino que tambi\u00e9n resiste al agua, facilitando su limpieza. Su dise\u00f1o vers\u00e1til permite una instalaci\u00f3n r\u00e1pida en casi cualquier di\u00e1metro de ca\u00f1a de silla de ruedas. <\/p>\n<p> Especificaciones del producto<br \/>\n&#8211; Altura del Producto: Desde 25 cm (corto) hasta 48 cm (alto)<br \/>\n&#8211; Ancho del Producto: De 30 cm a 66 cm<br \/>\n&#8211; Peso del Producto: Desde 0.77 kg (para un ancho de 46 cm, alto)<br \/>\n&#8211; Capacidad de Carga: Hasta 136 kg para anchos de 30 a 50 cm, y hasta 227 kg para anchos de 55 a 60 cm<br \/>\n&#8211; Opciones de Hardware: Fijaci\u00f3n de poste trasero con Velcro\u00ae<br \/>\n&#8211; Compatibilidad de Tubo de Marco: Todos<\/p>\n<p>En Agito, somos expertos en asesorarte para encontrar los productos m\u00e1s adecuados a tus necesidades, personaliz\u00e1ndolos con todas las opciones disponibles. \u00a1Elige el Jay Respaldo GO y transforma tu experiencia de movilidad! <\/p>\n<ul>\n<li><strong>Material:<\/strong> <\/li>\n<li><strong>Marca: <\/strong>Jay<\/li>\n<li><strong>Peso desde: <\/strong> lbs<\/li>\n<li><strong>Capacidad de carga: <\/strong> lbs<\/li>\n<li><strong>Ancho de asiento: <\/strong><\/li>\n<li><strong>Largo de asiento: <\/strong><\/li>\n<\/ul>\n","protected":false},"excerpt":{"rendered":"<p>\u00a1Dale un giro a tu comodidad con el Jay Respaldo GO! Este compa\u00f1ero de viaje no solo es f\u00e1cil de instalar con sus pr\u00e1cticas correas de Velcro\u00ae, sino que adem\u00e1s te envuelve en su suavidad gracias al inserto de espuma de 1 1\/4&#8243;. \u00bfY lo mejor? Su cubierta Dartex\u00ae resistente al agua mantiene todo fresco y limpio, adapt\u00e1ndose a casi cualquier silla con una facilidad asombrosa. Con el Jay Respaldo GO, cada salida es un paseo por las nubes.    <\/p>\n","protected":false},"featured_media":22099,"comment_status":"closed","ping_status":"open","template":"","meta":{"_kad_blocks_custom_css":"","_kad_blocks_head_custom_js":"","_kad_blocks_body_custom_js":"","_kad_blocks_footer_custom_js":"","_kad_post_transparent":"","_kad_post_title":"","_kad_post_layout":"","_kad_post_sidebar_id":"","_kad_post_content_style":"","_kad_post_vertical_padding":"","_kad_post_feature":"","_kad_post_feature_position":"","_kad_post_header":false,"_kad_post_footer":false,"_joinchat":[]},"product_brand":[],"product_cat":[254,310,257],"product_tag":[],"class_list":{"0":"post-22715","1":"product","2":"type-product","3":"status-publish","4":"has-post-thumbnail","6":"product_cat-posicionamiento-es","7":"product_cat-reforzado-es","8":"product_cat-respaldos-es","9":"pa_caracteristicas-de-producto-respaldos-es","10":"pa_marca-jay-es","11":"pa_tipo-de-producto-posicionamiento-es","13":"first","14":"instock","15":"purchasable","16":"product-type-simple","17":"entry","18":"content-bg","19":"loop-entry"},"taxonomy_info":{"product_cat":[{"value":254,"label":"Posicionamiento"},{"value":310,"label":"Reforzado"},{"value":257,"label":"Respaldos"}],"pa_caracteristicas-de-producto":[{"value":256,"label":"Respaldos"}],"pa_marca":[{"value":308,"label":"Jay"}],"pa_tipo-de-producto":[{"value":253,"label":"Posicionamiento"}]},"featured_image_src_large":["https:\/\/agito.store\/wp-content\/uploads\/2024\/03\/Respaldo-GO-jay-silla-ruedas-posicionamiento-respaldos-reforzado-agito-001.jpg",765,765,false],"author_info":[],"comment_info":0,"_links":{"self":[{"href":"https:\/\/agito.store\/es\/wp-json\/wp\/v2\/product\/22715","targetHints":{"allow":["GET"]}}],"collection":[{"href":"https:\/\/agito.store\/es\/wp-json\/wp\/v2\/product"}],"about":[{"href":"https:\/\/agito.store\/es\/wp-json\/wp\/v2\/types\/product"}],"replies":[{"embeddable":true,"href":"https:\/\/agito.store\/es\/wp-json\/wp\/v2\/comments?post=22715"}],"wp:featuredmedia":[{"embeddable":true,"href":"https:\/\/agito.store\/es\/wp-json\/wp\/v2\/media\/22099"}],"wp:attachment":[{"href":"https:\/\/agito.store\/es\/wp-json\/wp\/v2\/media?parent=22715"}],"wp:term":[{"taxonomy":"product_brand","embeddable":true,"href":"https:\/\/agito.store\/es\/wp-json\/wp\/v2\/product_brand?post=22715"},{"taxonomy":"product_cat","embeddable":true,"href":"https:\/\/agito.store\/es\/wp-json\/wp\/v2\/product_cat?post=22715"},{"taxonomy":"product_tag","embeddable":true,"href":"https:\/\/agito.store\/es\/wp-json\/wp\/v2\/product_tag?post=22715"}],"curies":[{"name":"wp","href":"https:\/\/api.w.org\/{rel}","templated":true}]}}