{"id":22768,"date":"2024-03-12T17:48:10","date_gmt":"2024-03-12T23:48:10","guid":{"rendered":"https:\/\/agito.store\/producto\/soportes-de-pecho-jay\/"},"modified":"2024-03-12T17:48:10","modified_gmt":"2024-03-12T23:48:10","slug":"soportes-de-pecho-jay","status":"publish","type":"product","link":"https:\/\/agito.store\/es\/product\/soportes-de-pecho-jay\/","title":{"rendered":"Soportes de pecho Jay"},"content":{"rendered":"<p>Estilos que se Ajustan a Ti<br \/>\nLos Soportes de Pecho Jay ofrecen una variedad sin igual con seis estilos distintos:<br \/>\n&#8211; Cl\u00e1sico: Para quienes buscan una distribuci\u00f3n \u00f3ptima del apoyo.<br \/>\n&#8211; Contorno: Ideal para limitar el contacto y dise\u00f1ado pensando en las mujeres.<br \/>\n&#8211; Con Cremallera: Facilita las transferencias y remoci\u00f3n.<br \/>\n&#8211; Ajustable: Para un ajuste m\u00e1s preciso.<br \/>\n&#8211; Correa de Tronco y Estilo Y: Aumenta el rango de movimiento.<\/p>\n<p> Construcci\u00f3n a Tu Medida<br \/>\nElige entre construcci\u00f3n estructurada para soporte seguro todo el d\u00eda o din\u00e1mica para aquellos con movimientos involuntarios o tono muscular alto. <\/p>\n<p> Materiales y Cierre<br \/>\nHechos de neopreno, ofrecen confort y durabilidad. Opciones de cierre con hebilla o cremallera para tu conveniencia. <\/p>\n<p> Especificaciones para Conocedores<br \/>\n&#8211; Ancho del Producto: Desde 6.5&#8243; hasta 25&#8243;.<br \/>\n&#8211; Profundidad del Producto: Desde 3&#8243; hasta 25.5&#8243;.<br \/>\n&#8211; Materiales: Neopreno.<br \/>\n&#8211; Estilos de Cierre: Hebilla de liberaci\u00f3n lateral o cremallera.<br \/>\n&#8211; Construcci\u00f3n: Estructurada o Din\u00e1mica.<\/p>\n<p>\u00a1En Agito, somos expertos en asesorarte para encontrar los productos perfectos para ti, personaliz\u00e1ndolos con todas las opciones disponibles!<\/p>\n<ul>\n<li><strong>Material:<\/strong> <\/li>\n<li><strong>Marca: <\/strong>Jay<\/li>\n<li><strong>Peso desde: <\/strong> lbs<\/li>\n<li><strong>Capacidad de carga: <\/strong> lbs<\/li>\n<li><strong>Ancho de asiento: <\/strong><\/li>\n<li><strong>Largo de asiento: <\/strong><\/li>\n<\/ul>\n","protected":false},"excerpt":{"rendered":"<p>\u00a1Dale un giro a tu movilidad con los Soportes de Pecho Jay! Con seis estilos \u00fanicos y construcciones tanto estructuradas como din\u00e1micas, estos soportes est\u00e1n aqu\u00ed para mejorar tu postura y apoyar tu torso como nunca antes. Ya sea que busques m\u00e1xima estabilidad o facilidad en tus transferencias, hay un estilo hecho a tu medida. Con tama\u00f1os que var\u00edan para adaptarse a tus necesidades y hechos de neopreno suave, prepara tu silla de ruedas para un nivel superior de confort y funcionalidad.   <\/p>\n","protected":false},"featured_media":22281,"comment_status":"closed","ping_status":"open","template":"","meta":{"_kad_blocks_custom_css":"","_kad_blocks_head_custom_js":"","_kad_blocks_body_custom_js":"","_kad_blocks_footer_custom_js":"","_kad_post_transparent":"","_kad_post_title":"","_kad_post_layout":"","_kad_post_sidebar_id":"","_kad_post_content_style":"","_kad_post_vertical_padding":"","_kad_post_feature":"","_kad_post_feature_position":"","_kad_post_header":false,"_kad_post_footer":false,"_joinchat":[]},"product_brand":[],"product_cat":[342,254],"product_tag":[],"class_list":{"0":"post-22768","1":"product","2":"type-product","3":"status-publish","4":"has-post-thumbnail","6":"product_cat-pecheras-es","7":"product_cat-posicionamiento-es","8":"pa_caracteristicas-de-producto-pecheras-es","9":"pa_marca-jay-es","10":"pa_tipo-de-producto-posicionamiento-es","12":"first","13":"instock","14":"purchasable","15":"product-type-simple","16":"entry","17":"content-bg","18":"loop-entry"},"taxonomy_info":{"product_cat":[{"value":342,"label":"Pecheras"},{"value":254,"label":"Posicionamiento"}],"pa_caracteristicas-de-producto":[{"value":341,"label":"Pecheras"}],"pa_marca":[{"value":308,"label":"Jay"}],"pa_tipo-de-producto":[{"value":253,"label":"Posicionamiento"}]},"featured_image_src_large":["https:\/\/agito.store\/wp-content\/uploads\/2024\/03\/Soportes-de-pecho-Jay-jay-silla-ruedas-posicionamiento-pecheras-agito-001.jpg",765,765,false],"author_info":[],"comment_info":0,"_links":{"self":[{"href":"https:\/\/agito.store\/es\/wp-json\/wp\/v2\/product\/22768","targetHints":{"allow":["GET"]}}],"collection":[{"href":"https:\/\/agito.store\/es\/wp-json\/wp\/v2\/product"}],"about":[{"href":"https:\/\/agito.store\/es\/wp-json\/wp\/v2\/types\/product"}],"replies":[{"embeddable":true,"href":"https:\/\/agito.store\/es\/wp-json\/wp\/v2\/comments?post=22768"}],"wp:featuredmedia":[{"embeddable":true,"href":"https:\/\/agito.store\/es\/wp-json\/wp\/v2\/media\/22281"}],"wp:attachment":[{"href":"https:\/\/agito.store\/es\/wp-json\/wp\/v2\/media?parent=22768"}],"wp:term":[{"taxonomy":"product_brand","embeddable":true,"href":"https:\/\/agito.store\/es\/wp-json\/wp\/v2\/product_brand?post=22768"},{"taxonomy":"product_cat","embeddable":true,"href":"https:\/\/agito.store\/es\/wp-json\/wp\/v2\/product_cat?post=22768"},{"taxonomy":"product_tag","embeddable":true,"href":"https:\/\/agito.store\/es\/wp-json\/wp\/v2\/product_tag?post=22768"}],"curies":[{"name":"wp","href":"https:\/\/api.w.org\/{rel}","templated":true}]}}